{"id":4064,"date":"2022-08-18T10:30:39","date_gmt":"2022-08-18T10:30:39","guid":{"rendered":"https:\/\/gruas-asistencia.com\/contatto\/"},"modified":"2026-03-05T23:22:40","modified_gmt":"2026-03-05T23:22:40","slug":"contatto","status":"publish","type":"page","link":"https:\/\/gruas-asistencia.com\/it\/contatto\/","title":{"rendered":"Contatto"},"content":{"rendered":"\t\t<div data-elementor-type=\"wp-page\" data-elementor-id=\"4064\" class=\"elementor elementor-4064 elementor-89\" data-elementor-post-type=\"page\">\n\t\t\t\t<section class=\"elementor-element elementor-element-3235d83f e-flex e-con-boxed e-con e-parent\" data-id=\"3235d83f\" data-element_type=\"container\" data-e-type=\"container\" data-settings=\"{&quot;background_background&quot;:&quot;classic&quot;}\">\n\t\t\t\t\t<div class=\"e-con-inner\">\n\t\t<div class=\"elementor-element elementor-element-45c6b110 e-con-full e-flex e-con e-child\" data-id=\"45c6b110\" data-element_type=\"container\" data-e-type=\"container\">\n\t\t\t\t<div class=\"elementor-element elementor-element-63b2cb7f elementor-invisible elementor-widget elementor-widget-heading\" data-id=\"63b2cb7f\" data-element_type=\"widget\" data-e-type=\"widget\" data-settings=\"{&quot;_animation&quot;:&quot;fadeIn&quot;}\" data-widget_type=\"heading.default\">\n\t\t\t\t<div class=\"elementor-widget-container\">\n\t\t\t\t\t<h2 class=\"elementor-heading-title elementor-size-default\">Servizi di gru a Barcellona<\/h2>\t\t\t\t<\/div>\n\t\t\t\t<\/div>\n\t\t\t\t<div class=\"elementor-element elementor-element-e222df9 elementor-icon-list--layout-inline elementor-align-center gruas-breadcumbs elementor-list-item-link-full_width elementor-invisible elementor-widget elementor-widget-icon-list\" data-id=\"e222df9\" data-element_type=\"widget\" data-e-type=\"widget\" data-settings=\"{&quot;_animation&quot;:&quot;fadeIn&quot;}\" data-widget_type=\"icon-list.default\">\n\t\t\t\t<div class=\"elementor-widget-container\">\n\t\t\t\t\t\t\t<ul class=\"elementor-icon-list-items elementor-inline-items\">\n\t\t\t\t\t\t\t<li class=\"elementor-icon-list-item elementor-inline-item\">\n\t\t\t\t\t\t\t\t\t\t\t<a href=\"https:\/\/gruas-asistencia.com\/inicio\/\">\n\n\t\t\t\t\t\t\t\t\t\t\t\t<span class=\"elementor-icon-list-icon\">\n\t\t\t\t\t\t\t<i aria-hidden=\"true\" class=\"fas fa-angle-double-right\"><\/i>\t\t\t\t\t\t<\/span>\n\t\t\t\t\t\t\t\t\t\t<span class=\"elementor-icon-list-text\">Inizio<\/span>\n\t\t\t\t\t\t\t\t\t\t\t<\/a>\n\t\t\t\t\t\t\t\t\t<\/li>\n\t\t\t\t\t\t\t\t<li class=\"elementor-icon-list-item elementor-inline-item\">\n\t\t\t\t\t\t\t\t\t\t\t<span class=\"elementor-icon-list-icon\">\n\t\t\t\t\t\t\t<i aria-hidden=\"true\" class=\"fas fa-angle-double-right\"><\/i>\t\t\t\t\t\t<\/span>\n\t\t\t\t\t\t\t\t\t\t<span class=\"elementor-icon-list-text\">Contatto<\/span>\n\t\t\t\t\t\t\t\t\t<\/li>\n\t\t\t\t\t\t<\/ul>\n\t\t\t\t\t\t<\/div>\n\t\t\t\t<\/div>\n\t\t\t\t<div class=\"elementor-element elementor-element-5195169e elementor-invisible elementor-widget elementor-widget-heading\" data-id=\"5195169e\" data-element_type=\"widget\" data-e-type=\"widget\" data-settings=\"{&quot;_animation&quot;:&quot;fadeIn&quot;}\" data-widget_type=\"heading.default\">\n\t\t\t\t<div class=\"elementor-widget-container\">\n\t\t\t\t\t<h1 class=\"elementor-heading-title elementor-size-default\">Contatto<\/h1>\t\t\t\t<\/div>\n\t\t\t\t<\/div>\n\t\t\t\t<div class=\"elementor-element elementor-element-593a7635 elementor-invisible elementor-widget elementor-widget-text-editor\" data-id=\"593a7635\" data-element_type=\"widget\" data-e-type=\"widget\" data-settings=\"{&quot;_animation&quot;:&quot;fadeIn&quot;}\" data-widget_type=\"text-editor.default\">\n\t\t\t\t<div class=\"elementor-widget-container\">\n\t\t\t\t\t\t\t\t\t<strong>Mettiamo a vostra disposizione le migliori attrezzature per gru per auto, al miglior prezzo. Siamo esperti nel trasporto, ritiro e trasloco di auto a Barcellona e dintorni.<\/strong>\t\t\t\t\t\t\t\t<\/div>\n\t\t\t\t<\/div>\n\t\t<div class=\"elementor-element elementor-element-5bd244f4 e-con-full e-flex e-con e-child\" data-id=\"5bd244f4\" data-element_type=\"container\" data-e-type=\"container\">\n\t\t\t\t<div class=\"elementor-element elementor-element-65876cab elementor-invisible elementor-widget elementor-widget-global elementor-global-16901 elementor-global-16271 elementor-widget-button\" data-id=\"65876cab\" data-element_type=\"widget\" data-e-type=\"widget\" data-settings=\"{&quot;_animation&quot;:&quot;fadeIn&quot;}\" data-widget_type=\"button.default\">\n\t\t\t\t<div class=\"elementor-widget-container\">\n\t\t\t\t\t\t\t\t\t<div class=\"elementor-button-wrapper\">\n\t\t\t\t\t<a class=\"elementor-button elementor-button-link elementor-size-sm\" href=\"https:\/\/api.whatsapp.com\/send?phone=34602554932\" target=\"_blank\" id=\"btn-whatsapp-mad\">\n\t\t\t\t\t\t<span class=\"elementor-button-content-wrapper\">\n\t\t\t\t\t\t<span class=\"elementor-button-icon\">\n\t\t\t\t<i aria-hidden=\"true\" class=\"fab fa-whatsapp\"><\/i>\t\t\t<\/span>\n\t\t\t\t\t\t\t\t\t<span class=\"elementor-button-text\">WhatsApp immediato<\/span>\n\t\t\t\t\t<\/span>\n\t\t\t\t\t<\/a>\n\t\t\t\t<\/div>\n\t\t\t\t\t\t\t\t<\/div>\n\t\t\t\t<\/div>\n\t\t\t\t<div class=\"elementor-element elementor-element-5f0a6c3d elementor-invisible elementor-widget elementor-widget-global elementor-global-16895 elementor-global-16274 elementor-widget-button\" data-id=\"5f0a6c3d\" data-element_type=\"widget\" data-e-type=\"widget\" data-settings=\"{&quot;_animation&quot;:&quot;fadeIn&quot;}\" data-widget_type=\"button.default\">\n\t\t\t\t<div class=\"elementor-widget-container\">\n\t\t\t\t\t\t\t\t\t<div class=\"elementor-button-wrapper\">\n\t\t\t\t\t<a class=\"elementor-button elementor-button-link elementor-size-sm\" href=\"tel:+34930492940\" id=\"btn-llamar-mad\">\n\t\t\t\t\t\t<span class=\"elementor-button-content-wrapper\">\n\t\t\t\t\t\t<span class=\"elementor-button-icon\">\n\t\t\t\t<i aria-hidden=\"true\" class=\"fas fa-phone-alt\"><\/i>\t\t\t<\/span>\n\t\t\t\t\t\t\t\t\t<span class=\"elementor-button-text\">Chiama ora<\/span>\n\t\t\t\t\t<\/span>\n\t\t\t\t\t<\/a>\n\t\t\t\t<\/div>\n\t\t\t\t\t\t\t\t<\/div>\n\t\t\t\t<\/div>\n\t\t\t\t<\/div>\n\t\t\t\t<\/div>\n\t\t\t\t\t<\/div>\n\t\t\t\t<\/section>\n\t\t<section class=\"elementor-element elementor-element-17179cbf e-flex e-con-boxed e-con e-parent\" data-id=\"17179cbf\" data-element_type=\"container\" data-e-type=\"container\">\n\t\t\t\t\t<div class=\"e-con-inner\">\n\t\t<div class=\"elementor-element elementor-element-36592ae6 e-con-full e-flex e-con e-child\" data-id=\"36592ae6\" data-element_type=\"container\" data-e-type=\"container\">\n\t\t\t\t<div class=\"elementor-element elementor-element-4fb8e3aa elementor-invisible elementor-widget elementor-widget-heading\" data-id=\"4fb8e3aa\" data-element_type=\"widget\" data-e-type=\"widget\" data-settings=\"{&quot;_animation&quot;:&quot;fadeIn&quot;}\" data-widget_type=\"heading.default\">\n\t\t\t\t<div class=\"elementor-widget-container\">\n\t\t\t\t\t<h2 class=\"elementor-heading-title elementor-size-default\">Hai qualche domanda? Contattaci!\n<\/h2>\t\t\t\t<\/div>\n\t\t\t\t<\/div>\n\t\t\t\t<div class=\"elementor-element elementor-element-4648f22 elementor-invisible elementor-widget elementor-widget-text-editor\" data-id=\"4648f22\" data-element_type=\"widget\" data-e-type=\"widget\" data-settings=\"{&quot;_animation&quot;:&quot;fadeIn&quot;}\" data-widget_type=\"text-editor.default\">\n\t\t\t\t<div class=\"elementor-widget-container\">\n\t\t\t\t\t\t\t\t\tSiamo al vostro fianco in ogni fase del percorso con il nostro <strong>servizio di traino a Barcellona e dintorni<\/strong> per tutti i tipi di veicoli. Contattaci e ti offriremo la soluzione pi\u00f9 adatta al tuo caso.\t\t\t\t\t\t\t\t<\/div>\n\t\t\t\t<\/div>\n\t\t\t\t<div class=\"elementor-element elementor-element-d7d8e84 elementor-icon-list--layout-traditional elementor-list-item-link-full_width elementor-invisible elementor-widget elementor-widget-icon-list\" data-id=\"d7d8e84\" data-element_type=\"widget\" data-e-type=\"widget\" data-settings=\"{&quot;_animation&quot;:&quot;fadeIn&quot;}\" data-widget_type=\"icon-list.default\">\n\t\t\t\t<div class=\"elementor-widget-container\">\n\t\t\t\t\t\t\t<ul class=\"elementor-icon-list-items\">\n\t\t\t\t\t\t\t<li class=\"elementor-icon-list-item\">\n\t\t\t\t\t\t\t\t\t\t\t<a href=\"https:\/\/api.whatsapp.com\/send?phone=34602554932\" target=\"_blank\">\n\n\t\t\t\t\t\t\t\t\t\t\t\t<span class=\"elementor-icon-list-icon\">\n\t\t\t\t\t\t\t<i aria-hidden=\"true\" class=\"fab fa-whatsapp\"><\/i>\t\t\t\t\t\t<\/span>\n\t\t\t\t\t\t\t\t\t\t<span class=\"elementor-icon-list-text\">+34 602 55 49 32<\/span>\n\t\t\t\t\t\t\t\t\t\t\t<\/a>\n\t\t\t\t\t\t\t\t\t<\/li>\n\t\t\t\t\t\t\t\t<li class=\"elementor-icon-list-item\">\n\t\t\t\t\t\t\t\t\t\t\t<a href=\"tel:+34930492940\" target=\"_blank\">\n\n\t\t\t\t\t\t\t\t\t\t\t\t<span class=\"elementor-icon-list-icon\">\n\t\t\t\t\t\t\t<i aria-hidden=\"true\" class=\"fas fa-phone-alt\"><\/i>\t\t\t\t\t\t<\/span>\n\t\t\t\t\t\t\t\t\t\t<span class=\"elementor-icon-list-text\">+34 930 49 29 40<\/span>\n\t\t\t\t\t\t\t\t\t\t\t<\/a>\n\t\t\t\t\t\t\t\t\t<\/li>\n\t\t\t\t\t\t\t\t<li class=\"elementor-icon-list-item\">\n\t\t\t\t\t\t\t\t\t\t\t<a href=\"mailto:autofixmobility@gmail.com\" target=\"_blank\">\n\n\t\t\t\t\t\t\t\t\t\t\t\t<span class=\"elementor-icon-list-icon\">\n\t\t\t\t\t\t\t<i aria-hidden=\"true\" class=\"fas fa-envelope\"><\/i>\t\t\t\t\t\t<\/span>\n\t\t\t\t\t\t\t\t\t\t<span class=\"elementor-icon-list-text\">autofixmobility@gmail.com<\/span>\n\t\t\t\t\t\t\t\t\t\t\t<\/a>\n\t\t\t\t\t\t\t\t\t<\/li>\n\t\t\t\t\t\t\t\t<li class=\"elementor-icon-list-item\">\n\t\t\t\t\t\t\t\t\t\t\t<a href=\"https:\/\/maps.app.goo.gl\/fjXrpT5JjVEyrD9h6\" target=\"_blank\">\n\n\t\t\t\t\t\t\t\t\t\t\t\t<span class=\"elementor-icon-list-icon\">\n\t\t\t\t\t\t\t<i aria-hidden=\"true\" class=\"fas fa-map-marker-alt\"><\/i>\t\t\t\t\t\t<\/span>\n\t\t\t\t\t\t\t\t\t\t<span class=\"elementor-icon-list-text\">Carrer les flors 20 Camarles, Tarragona, Espa\u00f1a.<\/span>\n\t\t\t\t\t\t\t\t\t\t\t<\/a>\n\t\t\t\t\t\t\t\t\t<\/li>\n\t\t\t\t\t\t<\/ul>\n\t\t\t\t\t\t<\/div>\n\t\t\t\t<\/div>\n\t\t\t\t<\/div>\n\t\t<div class=\"elementor-element elementor-element-1f482c57 e-con-full e-flex e-con e-child\" data-id=\"1f482c57\" data-element_type=\"container\" data-e-type=\"container\">\n\t\t\t\t<div class=\"elementor-element elementor-element-f5f3737 elementor-widget elementor-widget-shortcode\" data-id=\"f5f3737\" data-element_type=\"widget\" data-e-type=\"widget\" data-widget_type=\"shortcode.default\">\n\t\t\t\t<div class=\"elementor-widget-container\">\n\t\t\t\t\t\t\t<div class=\"elementor-shortcode\">\n<div class=\"wpcf7 no-js\" id=\"wpcf7-f4-o1\" lang=\"es-ES\" dir=\"ltr\" data-wpcf7-id=\"4\">\n<div class=\"screen-reader-response\"><p role=\"status\" aria-live=\"polite\" aria-atomic=\"true\"><\/p> <ul><\/ul><\/div>\n<form action=\"\/it\/wp-json\/wp\/v2\/pages\/4064#wpcf7-f4-o1\" method=\"post\" class=\"wpcf7-form init\" aria-label=\"Formulario de contacto\" novalidate=\"novalidate\" data-status=\"init\">\n<fieldset class=\"hidden-fields-container\"><input type=\"hidden\" name=\"_wpcf7\" value=\"4\" \/><input type=\"hidden\" name=\"_wpcf7_version\" value=\"6.1.5\" \/><input type=\"hidden\" name=\"_wpcf7_locale\" value=\"es_ES\" \/><input type=\"hidden\" name=\"_wpcf7_unit_tag\" value=\"wpcf7-f4-o1\" \/><input type=\"hidden\" name=\"_wpcf7_container_post\" value=\"0\" \/><input type=\"hidden\" name=\"_wpcf7_posted_data_hash\" value=\"\" \/>\n<\/fieldset>\n<p><label><br \/>\n<span class=\"wpcf7-form-control-wrap\" data-name=\"your-name\"><input size=\"40\" maxlength=\"400\" class=\"wpcf7-form-control wpcf7-text wpcf7-validates-as-required\" aria-required=\"true\" aria-invalid=\"false\" placeholder=\"Nombre completo\" value=\"\" type=\"text\" name=\"your-name\" \/><\/span> <\/label>\n<\/p>\n<p><label><br \/>\n<span class=\"wpcf7-form-control-wrap\" data-name=\"your-phone\"><input size=\"40\" maxlength=\"400\" class=\"wpcf7-form-control wpcf7-tel wpcf7-validates-as-required wpcf7-text wpcf7-validates-as-tel\" aria-required=\"true\" aria-invalid=\"false\" placeholder=\"Tel\u00e9fono\" value=\"\" type=\"tel\" name=\"your-phone\" \/><\/span> <\/label>\n<\/p>\n<p><label><br \/>\n<span class=\"wpcf7-form-control-wrap\" data-name=\"your-email\"><input size=\"40\" maxlength=\"400\" class=\"wpcf7-form-control wpcf7-email wpcf7-validates-as-required wpcf7-text wpcf7-validates-as-email\" aria-required=\"true\" aria-invalid=\"false\" placeholder=\"Correo electr\u00f3nico\" value=\"\" type=\"email\" name=\"your-email\" \/><\/span> <\/label>\n<\/p>\n<p><label><br \/>\n<span class=\"wpcf7-form-control-wrap\" data-name=\"your-subject\"><input size=\"40\" maxlength=\"400\" class=\"wpcf7-form-control wpcf7-text wpcf7-validates-as-required\" aria-required=\"true\" aria-invalid=\"false\" placeholder=\"Asunto\" value=\"\" type=\"text\" name=\"your-subject\" \/><\/span> <\/label>\n<\/p>\n<p><label><br \/>\n<span class=\"wpcf7-form-control-wrap\" data-name=\"your-message\"><textarea cols=\"40\" rows=\"10\" maxlength=\"2000\" class=\"wpcf7-form-control wpcf7-textarea wpcf7-validates-as-required\" aria-required=\"true\" aria-invalid=\"false\" placeholder=\"Escribe un mensaje\" name=\"your-message\"><\/textarea><\/span> <\/label>\n<\/p>\n<p><div class=\"cf7-cf-turnstile\" style=\"margin-top: 0px; margin-bottom: -15px;\"> <div id=\"cf-turnstile-cf7-1861858252\" class=\"cf-turnstile\" data-callback=\"turnstileCF7Callback\" data-sitekey=\"0x4AAAAAAC2zfl1LmYK8WgXH\" data-theme=\"light\" data-language=\"auto\" data-size=\"normal\" data-retry=\"auto\" data-retry-interval=\"1000\" data-refresh-expired=\"auto\" data-refresh-timeout=\"auto\" data-action=\"contact-form-7\" data-callback=\"turnstileCF7Callback\" data-appearance=\"always\"><\/div> <style>.wpcf7-submit { pointer-events: none; opacity: 0.5; }<\/style> <script>document.addEventListener(\"DOMContentLoaded\", function() { setTimeout(function(){ var e=document.getElementById(\"cf-turnstile-cf7-1861858252\"); if(e&&!e.innerHTML.trim()){turnstile.render(e, {sitekey:\"0x4AAAAAAC2zfl1LmYK8WgXH\"});} }, 200); });<\/script> <br class=\"cf-turnstile-br cf-turnstile-br-cf7-1861858252\"> <style>#cf-turnstile-cf7-1861858252 { margin-left: -15px; }<\/style> <script>document.addEventListener(\"DOMContentLoaded\",function(){document.querySelectorAll('.wpcf7-form').forEach(function(e){e.addEventListener('submit',function(){if(document.getElementById('cf-turnstile-cf7-1861858252')){setTimeout(function(){turnstile.reset('#cf-turnstile-cf7-1861858252');},1000)}})})});<\/script> <\/div><br\/><input class=\"wpcf7-form-control wpcf7-submit has-spinner\" type=\"submit\" value=\"Enviar\" \/>\n<\/p><p style=\"display: none !important;\" class=\"akismet-fields-container\" data-prefix=\"_wpcf7_ak_\"><label>&#916;<textarea name=\"_wpcf7_ak_hp_textarea\" cols=\"45\" rows=\"8\" maxlength=\"100\"><\/textarea><\/label><input type=\"hidden\" id=\"ak_js_1\" name=\"_wpcf7_ak_js\" value=\"11\"\/><script>document.getElementById( \"ak_js_1\" ).setAttribute( \"value\", ( new Date() ).getTime() );<\/script><\/p><div class=\"wpcf7-response-output\" aria-hidden=\"true\"><\/div>\n<\/form>\n<\/div>\n<\/div>\n\t\t\t\t\t\t<\/div>\n\t\t\t\t<\/div>\n\t\t\t\t<\/div>\n\t\t\t\t\t<\/div>\n\t\t\t\t<\/section>\n\t\t<section class=\"elementor-element elementor-element-a00a46b e-con-full e-flex e-con e-parent\" data-id=\"a00a46b\" data-element_type=\"container\" data-e-type=\"container\">\n\t\t<div class=\"elementor-element elementor-element-6d344d6 e-con-full e-flex e-con e-child\" data-id=\"6d344d6\" data-element_type=\"container\" data-e-type=\"container\">\n\t\t\t\t<div class=\"elementor-element elementor-element-5b33c32 elementor-widget elementor-widget-google_maps\" data-id=\"5b33c32\" data-element_type=\"widget\" data-e-type=\"widget\" data-widget_type=\"google_maps.default\">\n\t\t\t\t<div class=\"elementor-widget-container\">\n\t\t\t\t\t\t\t<div class=\"elementor-custom-embed\">\n\t\t\t<iframe loading=\"lazy\"\n\t\t\t\t\tsrc=\"https:\/\/maps.google.com\/maps?q=Carrer%20les%20flors%2020%20Camarles%2C%20Tarragona%2C%20Espa%C3%B1a&#038;t=m&#038;z=10&#038;output=embed&#038;iwloc=near\"\n\t\t\t\t\ttitle=\"Carrer les flors 20 Camarles, Tarragona, Espa\u00f1a\"\n\t\t\t\t\taria-label=\"Carrer les flors 20 Camarles, Tarragona, Espa\u00f1a\"\n\t\t\t><\/iframe>\n\t\t<\/div>\n\t\t\t\t\t\t<\/div>\n\t\t\t\t<\/div>\n\t\t\t\t<\/div>\n\t\t\t\t<\/section>\n\t\t\t\t<\/div>\n\t\t","protected":false},"excerpt":{"rendered":"<p>Servizi di gru a Barcellona Inizio Contatto Contatto Mettiamo a vostra disposizione le migliori attrezzature per gru per auto, al miglior prezzo. Siamo esperti nel trasporto, ritiro e trasloco di auto a Barcellona e dintorni. WhatsApp inmediato Llamar ahora Hai qualche domanda? Contattaci! Siamo al vostro fianco in ogni fase del percorso con il nostro [&hellip;]<\/p>\n","protected":false},"author":1,"featured_media":0,"parent":0,"menu_order":0,"comment_status":"closed","ping_status":"open","template":"elementor_header_footer","meta":{"_monsterinsights_skip_tracking":false,"_monsterinsights_sitenote_active":false,"_monsterinsights_sitenote_note":"","_monsterinsights_sitenote_category":0,"_uf_show_specific_survey":0,"_uf_disable_surveys":false,"footnotes":""},"class_list":["post-4064","page","type-page","status-publish","hentry"],"yoast_head":"<!-- This site is optimized with the Yoast SEO Premium plugin v27.3 (Yoast SEO v27.3) - https:\/\/yoast.com\/product\/yoast-seo-premium-wordpress\/ -->\n<title>Contatto - Servicio de gr\u00faa en Espa\u00f1a<\/title>\n<meta name=\"description\" content=\"Se hai bisogno di servizi gratuiti, siamo disponibili per aiutarti per telefono, WhatsApp o posta elettronica\" \/>\n<meta name=\"robots\" content=\"index, follow, max-snippet:-1, max-image-preview:large, max-video-preview:-1\" \/>\n<link rel=\"canonical\" href=\"https:\/\/gruas-asistencia.com\/it\/contatto\/\" \/>\n<meta property=\"og:locale\" content=\"it_IT\" \/>\n<meta property=\"og:type\" content=\"article\" \/>\n<meta property=\"og:title\" content=\"Contatto\" \/>\n<meta property=\"og:description\" content=\"Se hai bisogno di servizi gratuiti, siamo disponibili per aiutarti per telefono, WhatsApp o posta elettronica\" \/>\n<meta property=\"og:url\" content=\"https:\/\/gruas-asistencia.com\/it\/contatto\/\" \/>\n<meta property=\"og:site_name\" content=\"Servicio de gr\u00faa en Espa\u00f1a\" \/>\n<meta property=\"article:publisher\" content=\"https:\/\/www.facebook.com\/profile.php?id=100094765218022\" \/>\n<meta property=\"article:modified_time\" content=\"2026-03-05T23:22:40+00:00\" \/>\n<meta property=\"og:image\" content=\"https:\/\/gruas-asistencia.com\/wp-content\/uploads\/2023\/01\/Servicio-de-grua-y-asistencia-en-carretera-Serinco-1-1024x688-1.webp\" \/>\n\t<meta property=\"og:image:width\" content=\"1024\" \/>\n\t<meta property=\"og:image:height\" content=\"688\" \/>\n\t<meta property=\"og:image:type\" content=\"image\/webp\" \/>\n<meta name=\"twitter:card\" content=\"summary_large_image\" \/>\n<script type=\"application\/ld+json\" class=\"yoast-schema-graph\">{\"@context\":\"https:\\\/\\\/schema.org\",\"@graph\":[{\"@type\":\"WebPage\",\"@id\":\"https:\\\/\\\/gruas-asistencia.com\\\/it\\\/contatto\\\/\",\"url\":\"https:\\\/\\\/gruas-asistencia.com\\\/it\\\/contatto\\\/\",\"name\":\"Contatto - Servicio de gr\u00faa en Espa\u00f1a\",\"isPartOf\":{\"@id\":\"https:\\\/\\\/gruas-asistencia.com\\\/it\\\/#website\"},\"datePublished\":\"2022-08-18T10:30:39+00:00\",\"dateModified\":\"2026-03-05T23:22:40+00:00\",\"description\":\"Se hai bisogno di servizi gratuiti, siamo disponibili per aiutarti per telefono, WhatsApp o posta elettronica\",\"breadcrumb\":{\"@id\":\"https:\\\/\\\/gruas-asistencia.com\\\/it\\\/contatto\\\/#breadcrumb\"},\"inLanguage\":\"it-IT\",\"potentialAction\":[{\"@type\":\"ReadAction\",\"target\":[\"https:\\\/\\\/gruas-asistencia.com\\\/it\\\/contatto\\\/\"]}]},{\"@type\":\"BreadcrumbList\",\"@id\":\"https:\\\/\\\/gruas-asistencia.com\\\/it\\\/contatto\\\/#breadcrumb\",\"itemListElement\":[{\"@type\":\"ListItem\",\"position\":1,\"name\":\"Inicio\",\"item\":\"https:\\\/\\\/gruas-asistencia.com\\\/it\\\/servizio-di-traino-barcellona-e-spagna\\\/\"},{\"@type\":\"ListItem\",\"position\":2,\"name\":\"Contatto\"}]},{\"@type\":\"WebSite\",\"@id\":\"https:\\\/\\\/gruas-asistencia.com\\\/it\\\/#website\",\"url\":\"https:\\\/\\\/gruas-asistencia.com\\\/it\\\/\",\"name\":\"Servicio de Gr\u00faa en Barcelona \u2713Transportes de coches\",\"description\":\"\",\"publisher\":{\"@id\":\"https:\\\/\\\/gruas-asistencia.com\\\/it\\\/#organization\"},\"alternateName\":\"Servicio de Gr\u00faa Particular\",\"potentialAction\":[{\"@type\":\"SearchAction\",\"target\":{\"@type\":\"EntryPoint\",\"urlTemplate\":\"https:\\\/\\\/gruas-asistencia.com\\\/it\\\/?s={search_term_string}\"},\"query-input\":{\"@type\":\"PropertyValueSpecification\",\"valueRequired\":true,\"valueName\":\"search_term_string\"}}],\"inLanguage\":\"it-IT\"},{\"@type\":\"Organization\",\"@id\":\"https:\\\/\\\/gruas-asistencia.com\\\/it\\\/#organization\",\"name\":\"Servicios de gr\u00faa en Barcelona | Precios econ\u00f3micos\",\"alternateName\":\"Servicio de Gr\u00faa particular en Barcelona las 24 horas\",\"url\":\"https:\\\/\\\/gruas-asistencia.com\\\/it\\\/\",\"logo\":{\"@type\":\"ImageObject\",\"inLanguage\":\"it-IT\",\"@id\":\"https:\\\/\\\/gruas-asistencia.com\\\/it\\\/#\\\/schema\\\/logo\\\/image\\\/\",\"url\":\"https:\\\/\\\/gruas-asistencia.com\\\/wp-content\\\/uploads\\\/2022\\\/08\\\/Logo-gruas-asistencia.png\",\"contentUrl\":\"https:\\\/\\\/gruas-asistencia.com\\\/wp-content\\\/uploads\\\/2022\\\/08\\\/Logo-gruas-asistencia.png\",\"width\":245,\"height\":87,\"caption\":\"Servicios de gr\u00faa en Barcelona | Precios econ\u00f3micos\"},\"image\":{\"@id\":\"https:\\\/\\\/gruas-asistencia.com\\\/it\\\/#\\\/schema\\\/logo\\\/image\\\/\"},\"sameAs\":[\"https:\\\/\\\/www.facebook.com\\\/profile.php?id=100094765218022\"]}]}<\/script>\n<!-- \/ Yoast SEO Premium plugin. -->","yoast_head_json":{"title":"Contatto - Servicio de gr\u00faa en Espa\u00f1a","description":"Se hai bisogno di servizi gratuiti, siamo disponibili per aiutarti per telefono, WhatsApp o posta elettronica","robots":{"index":"index","follow":"follow","max-snippet":"max-snippet:-1","max-image-preview":"max-image-preview:large","max-video-preview":"max-video-preview:-1"},"canonical":"https:\/\/gruas-asistencia.com\/it\/contatto\/","og_locale":"it_IT","og_type":"article","og_title":"Contatto","og_description":"Se hai bisogno di servizi gratuiti, siamo disponibili per aiutarti per telefono, WhatsApp o posta elettronica","og_url":"https:\/\/gruas-asistencia.com\/it\/contatto\/","og_site_name":"Servicio de gr\u00faa en Espa\u00f1a","article_publisher":"https:\/\/www.facebook.com\/profile.php?id=100094765218022","article_modified_time":"2026-03-05T23:22:40+00:00","og_image":[{"width":1024,"height":688,"url":"https:\/\/gruas-asistencia.com\/wp-content\/uploads\/2023\/01\/Servicio-de-grua-y-asistencia-en-carretera-Serinco-1-1024x688-1.webp","type":"image\/webp"}],"twitter_card":"summary_large_image","schema":{"@context":"https:\/\/schema.org","@graph":[{"@type":"WebPage","@id":"https:\/\/gruas-asistencia.com\/it\/contatto\/","url":"https:\/\/gruas-asistencia.com\/it\/contatto\/","name":"Contatto - Servicio de gr\u00faa en Espa\u00f1a","isPartOf":{"@id":"https:\/\/gruas-asistencia.com\/it\/#website"},"datePublished":"2022-08-18T10:30:39+00:00","dateModified":"2026-03-05T23:22:40+00:00","description":"Se hai bisogno di servizi gratuiti, siamo disponibili per aiutarti per telefono, WhatsApp o posta elettronica","breadcrumb":{"@id":"https:\/\/gruas-asistencia.com\/it\/contatto\/#breadcrumb"},"inLanguage":"it-IT","potentialAction":[{"@type":"ReadAction","target":["https:\/\/gruas-asistencia.com\/it\/contatto\/"]}]},{"@type":"BreadcrumbList","@id":"https:\/\/gruas-asistencia.com\/it\/contatto\/#breadcrumb","itemListElement":[{"@type":"ListItem","position":1,"name":"Inicio","item":"https:\/\/gruas-asistencia.com\/it\/servizio-di-traino-barcellona-e-spagna\/"},{"@type":"ListItem","position":2,"name":"Contatto"}]},{"@type":"WebSite","@id":"https:\/\/gruas-asistencia.com\/it\/#website","url":"https:\/\/gruas-asistencia.com\/it\/","name":"Servicio de Gr\u00faa en Barcelona \u2713Transportes de coches","description":"","publisher":{"@id":"https:\/\/gruas-asistencia.com\/it\/#organization"},"alternateName":"Servicio de Gr\u00faa Particular","potentialAction":[{"@type":"SearchAction","target":{"@type":"EntryPoint","urlTemplate":"https:\/\/gruas-asistencia.com\/it\/?s={search_term_string}"},"query-input":{"@type":"PropertyValueSpecification","valueRequired":true,"valueName":"search_term_string"}}],"inLanguage":"it-IT"},{"@type":"Organization","@id":"https:\/\/gruas-asistencia.com\/it\/#organization","name":"Servicios de gr\u00faa en Barcelona | Precios econ\u00f3micos","alternateName":"Servicio de Gr\u00faa particular en Barcelona las 24 horas","url":"https:\/\/gruas-asistencia.com\/it\/","logo":{"@type":"ImageObject","inLanguage":"it-IT","@id":"https:\/\/gruas-asistencia.com\/it\/#\/schema\/logo\/image\/","url":"https:\/\/gruas-asistencia.com\/wp-content\/uploads\/2022\/08\/Logo-gruas-asistencia.png","contentUrl":"https:\/\/gruas-asistencia.com\/wp-content\/uploads\/2022\/08\/Logo-gruas-asistencia.png","width":245,"height":87,"caption":"Servicios de gr\u00faa en Barcelona | Precios econ\u00f3micos"},"image":{"@id":"https:\/\/gruas-asistencia.com\/it\/#\/schema\/logo\/image\/"},"sameAs":["https:\/\/www.facebook.com\/profile.php?id=100094765218022"]}]}},"_links":{"self":[{"href":"https:\/\/gruas-asistencia.com\/it\/wp-json\/wp\/v2\/pages\/4064","targetHints":{"allow":["GET"]}}],"collection":[{"href":"https:\/\/gruas-asistencia.com\/it\/wp-json\/wp\/v2\/pages"}],"about":[{"href":"https:\/\/gruas-asistencia.com\/it\/wp-json\/wp\/v2\/types\/page"}],"author":[{"embeddable":true,"href":"https:\/\/gruas-asistencia.com\/it\/wp-json\/wp\/v2\/users\/1"}],"replies":[{"embeddable":true,"href":"https:\/\/gruas-asistencia.com\/it\/wp-json\/wp\/v2\/comments?post=4064"}],"version-history":[{"count":9,"href":"https:\/\/gruas-asistencia.com\/it\/wp-json\/wp\/v2\/pages\/4064\/revisions"}],"predecessor-version":[{"id":29598,"href":"https:\/\/gruas-asistencia.com\/it\/wp-json\/wp\/v2\/pages\/4064\/revisions\/29598"}],"wp:attachment":[{"href":"https:\/\/gruas-asistencia.com\/it\/wp-json\/wp\/v2\/media?parent=4064"}],"curies":[{"name":"wp","href":"https:\/\/api.w.org\/{rel}","templated":true}]}}